{"id":3280,"date":"2024-05-02T09:25:20","date_gmt":"2024-05-02T09:25:20","guid":{"rendered":"https:\/\/shop.mmbmachines.be\/?post_type=product&#038;p=3280"},"modified":"2026-01-07T15:35:46","modified_gmt":"2026-01-07T15:35:46","slug":"probst-fixplan-afreisysteem-fp-150","status":"publish","type":"product","link":"https:\/\/shop.mmbmachines.be\/fr\/produit\/probst-fixplan-afreisysteem-fp-150\/","title":{"rendered":"Probst Fixplan syst\u00e8me de nivellement FP-150"},"content":{"rendered":"<p>Rabotage rapide et facile des petites et moyennes surfaces - avec le nouveau syst\u00e8me de rabotage manuel FIXPLAN FP.<br \/>\nLe profil\u00e9 en aluminium FIXPLAN FP a une forme de croissant. Ainsi, le profil\u00e9 s'enfonce dans le sol et ne se d\u00e9place pas vers le haut !<br \/>\nIl n'est pas n\u00e9cessaire d'appliquer une force pour le pousser vers le bas tout en tirant.<br \/>\nEn particulier lors du d\u00e9capage de sable compact\u00e9, m\u00eame si la poutre ne peut pas \u00eatre d\u00e9plac\u00e9e lat\u00e9ralement lors du sciage du mat\u00e9riau du sol en raison d'obstacles lat\u00e9raux ou de limitations, les avantages du profil FP sont \u00e9normes en termes d'effort \u00e9nerg\u00e9tique, de vitesse de travail et de haute qualit\u00e9 d'ex\u00e9cution du parcours de pose.<br \/>\nAvec but\u00e9e r\u00e9glable en hauteur des deux c\u00f4t\u00e9s, plage de r\u00e9glage 0-127 mm (0 - 5 inches). Peut \u00eatre rapidement d\u00e9mont\u00e9 si n\u00e9cessaire.<\/p>\n<p>Plus d'informations<br \/>\n4 largeurs de tablier disponibles.<br \/>\nFerrures int\u00e9gr\u00e9es pour les poign\u00e9es HG-ERGO-DUO disponibles en option et incluses dans les sections lat\u00e9rales.<br \/>\nAvec la poign\u00e9e HG-ERGO-SOLO disponible en option, le FIXPLAN FP peut \u00e9galement \u00eatre utilis\u00e9 par une seule personne.<br \/>\nLe profil\u00e9 creux en aluminium l\u00e9ger est extr\u00eamement robuste (faible poids : seulement 1,3 kg \/ 3 Ibs par m\u00e8tre).<br \/>\nLongue dur\u00e9e de vie.<br \/>\nD\u00e9tails techniques<br \/>\nType R\u00e9f\u00e9rence Poids propre (kg) Port\u00e9e r\u00e9glable en hauteur (mm) Largeur de travail (mm)<br \/>\nFP-70 51010015 2.5 0-127 700<br \/>\nFP-150 51010016 3.6 0-127 1500<br \/>\nFP-200 51010017 4.3 0-127 2000<br \/>\nFP-250 51010018 4.95 0-127 2500<\/p>\n<p>Accessoires<br \/>\nHG-ERGO-SOLO : Poign\u00e9e pour TELEPLAN et FIXPLAN, perfectionn\u00e9e en termes d'ergonomie. 1 pi\u00e8ce avec support de poign\u00e9e, permet de travailler sans fatigue en position debout.<br \/>\nHG-ERGO-DUO : Poign\u00e9es pour TELEPLAN et FIXPLAN, perfectionn\u00e9es sur le plan ergonomique. Ensemble compos\u00e9 de 2 parties, permettant de travailler sans effort en position debout, pouvant \u00eatre fix\u00e9 \u00e0 tout moment sur les parties lat\u00e9rales gr\u00e2ce \u00e0 une fixation enfichable.<br \/>\nTP\/FP-RS : Jeu de rouleaux pour TELEPLAN\/FIXPLAN (peut \u00eatre ajout\u00e9 ult\u00e9rieurement).<\/p>","protected":false},"excerpt":{"rendered":"<p>Snel en eenvoudig schaven van kleine en middelgrote oppervlakken - met het nieuwe handcreesysteem FIXPLAN FP. Het FIXPLAN FP aluminium profiel is sikkelvormig. Hierdoor snijdt het profiel zich in het bodemmateriaal en beweegt niet naar boven! U hoeft geen kracht uit te oefenen om hem naar beneden te duwen tijdens het trekken. Vooral bij het [&hellip;]<\/p>\n","protected":false},"featured_media":2582,"template":"","meta":{"_acf_changed":false},"product_brand":[],"product_cat":[1669],"product_tag":[1689,1775,1687,1692,1691,1694,1695,1693,1690,1688,1721],"class_list":{"0":"post-3280","1":"product","2":"type-product","3":"status-publish","4":"has-post-thumbnail","6":"product_cat-afreisysteem","7":"product_tag-afreien","8":"product_tag-chape","9":"product_tag-chappe","10":"product_tag-egalisatie","11":"product_tag-egaliseren","12":"product_tag-gelijk-maken","13":"product_tag-gelijk-trekken","14":"product_tag-niveleren","15":"product_tag-nivelering","16":"product_tag-reien","17":"product_tag-terras","19":"first","20":"onbackorder","21":"taxable","22":"shipping-taxable","23":"purchasable","24":"product-type-simple"},"acf":[],"_links":{"self":[{"href":"https:\/\/shop.mmbmachines.be\/fr\/wp-json\/wp\/v2\/product\/3280","targetHints":{"allow":["GET"]}}],"collection":[{"href":"https:\/\/shop.mmbmachines.be\/fr\/wp-json\/wp\/v2\/product"}],"about":[{"href":"https:\/\/shop.mmbmachines.be\/fr\/wp-json\/wp\/v2\/types\/product"}],"wp:featuredmedia":[{"embeddable":true,"href":"https:\/\/shop.mmbmachines.be\/fr\/wp-json\/wp\/v2\/media\/2582"}],"wp:attachment":[{"href":"https:\/\/shop.mmbmachines.be\/fr\/wp-json\/wp\/v2\/media?parent=3280"}],"wp:term":[{"taxonomy":"product_brand","embeddable":true,"href":"https:\/\/shop.mmbmachines.be\/fr\/wp-json\/wp\/v2\/product_brand?post=3280"},{"taxonomy":"product_cat","embeddable":true,"href":"https:\/\/shop.mmbmachines.be\/fr\/wp-json\/wp\/v2\/product_cat?post=3280"},{"taxonomy":"product_tag","embeddable":true,"href":"https:\/\/shop.mmbmachines.be\/fr\/wp-json\/wp\/v2\/product_tag?post=3280"}],"curies":[{"name":"wp","href":"https:\/\/api.w.org\/{rel}","templated":true}]}}