{"id":3332,"date":"2024-05-03T06:37:18","date_gmt":"2024-05-03T06:37:18","guid":{"rendered":"https:\/\/shop.mmbmachines.be\/?post_type=product&#038;p=3332"},"modified":"2026-01-08T14:08:17","modified_gmt":"2026-01-08T14:08:17","slug":"probst-steenknipper-sts-33-f","status":"publish","type":"product","link":"https:\/\/shop.mmbmachines.be\/fr\/produit\/probst-steenknipper-sts-33-f\/","title":{"rendered":"Coupeur de pierre Probst STS-33-F"},"content":{"rendered":"<p>Le tailleur de pierre de Probst - plus de puissance de fendage avec moins d'effort.<br \/>\nCliquer sur des blocs sans trop forcer : facile !<br \/>\nGr\u00e2ce \u00e0 la combinaison parfaite d'un levier, d'une transmission excentrique et d'une lame triangulaire, tous les crochets \u00e0 bloc m\u00e9caniques g\u00e9n\u00e8rent une \u00e9norme puissance de fendage avec une force d'utilisation minimale.<br \/>\nLes blocs peuvent donc \u00eatre coup\u00e9s proprement, sans poussi\u00e8re, sans bruit et sans eau us\u00e9e.<br \/>\nIl n'y aura pas d'\u00e9missions de particules nocives pour la sant\u00e9.<\/p>\n<p>STS-33 \/ STS-43 : la table de support \u00e0 ressorts (les deux moiti\u00e9s de la table sont inclinables) permet de r\u00e9aliser des d\u00e9coupes nettes pour un placement pr\u00e9cis sans grands \u00e9carts in\u00e9gaux.<br \/>\nSTS-33-F : Avec une table de support rigide et inclin\u00e9e, permettant de couper le bloc \u00e0 un angle constant.<br \/>\nSTS-43-H \/ STS-65-H : Versions \u00e9galement adapt\u00e9es aux bordures en b\u00e9ton ou en pierre calcaire.<br \/>\nSTS-43-H \/ STS-65 \/ STS-65-H : table d'appui \u00e0 ressorts (une moiti\u00e9 de la table est inclinable, l'autre moiti\u00e9 est rigide) permettant un d\u00e9colletage net pour une pose pr\u00e9cise sans grands \u00e9carts irr\u00e9guliers.<\/p>","protected":false},"excerpt":{"rendered":"[embed]https:\/\/www.probst-handling.com\/fileadmin\/vdproducts\/5-productvideos_234_v_Probst_STS.mp4[\/embed]\n","protected":false},"featured_media":1219,"template":"","meta":{"_acf_changed":false},"product_brand":[],"product_cat":[1672],"product_tag":[],"class_list":{"0":"post-3332","1":"product","2":"type-product","3":"status-publish","4":"has-post-thumbnail","6":"product_cat-steenknipper","8":"first","9":"onbackorder","10":"taxable","11":"shipping-taxable","12":"purchasable","13":"product-type-simple"},"acf":[],"_links":{"self":[{"href":"https:\/\/shop.mmbmachines.be\/fr\/wp-json\/wp\/v2\/product\/3332","targetHints":{"allow":["GET"]}}],"collection":[{"href":"https:\/\/shop.mmbmachines.be\/fr\/wp-json\/wp\/v2\/product"}],"about":[{"href":"https:\/\/shop.mmbmachines.be\/fr\/wp-json\/wp\/v2\/types\/product"}],"wp:featuredmedia":[{"embeddable":true,"href":"https:\/\/shop.mmbmachines.be\/fr\/wp-json\/wp\/v2\/media\/1219"}],"wp:attachment":[{"href":"https:\/\/shop.mmbmachines.be\/fr\/wp-json\/wp\/v2\/media?parent=3332"}],"wp:term":[{"taxonomy":"product_brand","embeddable":true,"href":"https:\/\/shop.mmbmachines.be\/fr\/wp-json\/wp\/v2\/product_brand?post=3332"},{"taxonomy":"product_cat","embeddable":true,"href":"https:\/\/shop.mmbmachines.be\/fr\/wp-json\/wp\/v2\/product_cat?post=3332"},{"taxonomy":"product_tag","embeddable":true,"href":"https:\/\/shop.mmbmachines.be\/fr\/wp-json\/wp\/v2\/product_tag?post=3332"}],"curies":[{"name":"wp","href":"https:\/\/api.w.org\/{rel}","templated":true}]}}